{"id":6509,"date":"2023-09-18T14:08:07","date_gmt":"2023-09-18T14:08:07","guid":{"rendered":"http:\/\/saint-seurin-de-prats.com\/?page_id=6509"},"modified":"2025-10-24T12:52:01","modified_gmt":"2025-10-24T12:52:01","slug":"le-st-seurinois","status":"publish","type":"page","link":"http:\/\/saint-seurin-de-prats.com\/?page_id=6509","title":{"rendered":"Journal de la commune"},"content":{"rendered":"\n<figure class=\"wp-block-image size-large is-resized\"><a href=\"http:\/\/saint-seurin-de-prats.com\/wp-content\/uploads\/2023\/09\/En-tete-St-Seurinois.jpg\"><img loading=\"lazy\" decoding=\"async\" width=\"1024\" height=\"261\" src=\"http:\/\/saint-seurin-de-prats.com\/wp-content\/uploads\/2023\/09\/En-tete-St-Seurinois-1024x261.jpg\" alt=\"\" class=\"wp-image-6558\" style=\"width:605px;height:155px\" srcset=\"http:\/\/saint-seurin-de-prats.com\/wp-content\/uploads\/2023\/09\/En-tete-St-Seurinois-1024x261.jpg 1024w, http:\/\/saint-seurin-de-prats.com\/wp-content\/uploads\/2023\/09\/En-tete-St-Seurinois-300x77.jpg 300w, http:\/\/saint-seurin-de-prats.com\/wp-content\/uploads\/2023\/09\/En-tete-St-Seurinois-768x196.jpg 768w, http:\/\/saint-seurin-de-prats.com\/wp-content\/uploads\/2023\/09\/En-tete-St-Seurinois-624x159.jpg 624w, http:\/\/saint-seurin-de-prats.com\/wp-content\/uploads\/2023\/09\/En-tete-St-Seurinois.jpg 1345w\" sizes=\"auto, (max-width: 1024px) 100vw, 1024px\" \/><\/a><\/figure>\n\n\n\n<p>L<strong>e St-Seurinois est le journal d&#8217;informations locales \u00e9dit\u00e9 par la Mairie.<\/strong><br>R\u00e9daction:       Isabelle GUIHENEUF t\u00e9l. 07 83 94 86 38<br>Mise en page: Herv\u00e9 BIERNE             t\u00e9l. 06 86 92 04 32<\/p>\n\n\n\n<p><em><strong>Ce journal est le votre!<br>N&#8217;h\u00e9sitez-pas \u00e0 nous faire part de vos commentaires et suggestions aux t\u00e9l\u00e9phones ci-dessus.<\/strong><\/em><br>(cliquer sur le journal souhait\u00e9 pour son t\u00e9l\u00e9chargement au format pdf)<\/p>\n\n\n\n<p><a href=\"http:\/\/saint-seurin-de-prats.com\/wp-content\/uploads\/2025\/01\/Journal-janvier.pdf\">Le Saint-Seurinois janvier 2025<\/a><br><a href=\"http:\/\/saint-seurin-de-prats.com\/wp-content\/uploads\/2025\/07\/Le-Saint-Seurinois-juillet-2025.pdf\">Le-Saint-Seurinois-juillet-2025<\/a><\/p>\n\n\n\n<p><a href=\"http:\/\/saint-seurin-de-prats.com\/wp-content\/uploads\/2024\/02\/St-Seurinois-janv-24.pdf\" title=\"\">Le Saint-Seurinois janvier 2024<\/a><br><a href=\"http:\/\/saint-seurin-de-prats.com\/wp-content\/uploads\/2024\/07\/Journal-juillet-24-lecture.pdf\">Le Saint-Seurinois juillet 2024<\/a><br><br><a href=\"http:\/\/saint-seurin-de-prats.com\/wp-content\/uploads\/2023\/07\/Le-St-Seurinois-juillet-2023-1.pdf\" title=\"Le Saint-Seurinois Juillet 2023\">Le Saint-Seurinois Juillet 2023<\/a><br><a href=\"http:\/\/saint-seurin-de-prats.com\/wp-content\/uploads\/2023\/01\/Journal-janvier-2023.pdf\" title=\"Le Saint-Seurinois Janvier 2023\">Le Saint-Seurinois Janvier 2023<\/a><br><a href=\"http:\/\/saint-seurin-de-prats.com\/wp-content\/uploads\/2022\/07\/Le-St-Seurinois-juillet-2022.pdf\" title=\"Le Saint-Seurinois Juillet 2022\">Le Saint-Seurinois Juillet 2022<\/a><br><a href=\"http:\/\/saint-seurin-de-prats.com\/wp-content\/uploads\/2022\/01\/Saint-Seurinois-Janvier-2022.pdf\" title=\"Le Saint-Seurinois Janvier 2022\">Le Saint-Seurinois Janvier 2022<\/a><br><\/p>\n\n\n\n<h1 class=\"wp-block-heading\">Comptes- rendus du Conseil municipal<\/h1>\n\n\n\n<p>(Cliquer sur la date du conseil souhait\u00e9 pour son t\u00e9l\u00e9chargement au format pdf)<\/p>\n\n\n\n<p><a href=\"http:\/\/saint-seurin-de-prats.com\/wp-content\/uploads\/2025\/03\/CR-du-24-fev-25.pdf\">Conseil municipal du 24 f\u00e9vrier 2025 pdf<\/a><br><a href=\"http:\/\/saint-seurin-de-prats.com\/wp-content\/uploads\/2025\/04\/CR-du-7-avril-25.pdf\">Conseil municipal du 7 avril 2025 pdf<\/a><br><a href=\"http:\/\/saint-seurin-de-prats.com\/wp-content\/uploads\/2025\/07\/CR-du-16-juin-25.pdf\">Conseil municipal du 16 juin 25.pdf<\/a><br><a href=\"http:\/\/saint-seurin-de-prats.com\/wp-content\/uploads\/2025\/09\/C.R.-4-sept-25.pdf\">Conseil municipal du 4 septembre 2025.pdf<\/a><br><a href=\"http:\/\/saint-seurin-de-prats.com\/wp-content\/uploads\/2025\/10\/C.M.-du-14-oct-25.pdf\">Conseil municipal du 14 octobre 2025.pdf<\/a><\/p>\n\n\n\n<p><a href=\"http:\/\/saint-seurin-de-prats.com\/wp-content\/uploads\/2024\/02\/Conseil-municipal-du-29-janvier-2024.pdf\">Conseil municipal du 29 janvier 2024 pdf<\/a><br><a href=\"http:\/\/saint-seurin-de-prats.com\/wp-content\/uploads\/2024\/03\/C.M.-26-fev-24.pdf\">Conseil municipal du 26 f\u00e9vrier 2024 pdf<\/a><br><a href=\"http:\/\/saint-seurin-de-prats.com\/wp-content\/uploads\/2024\/04\/C.M.-18-mars-24.pdf\">Conseil municipal du 18 mars 2024 pdf<\/a><br><a href=\"http:\/\/saint-seurin-de-prats.com\/wp-content\/uploads\/2024\/05\/C.M.-15-avril-24.pdf\">Conseil municipal du 15 avril 2024 pdf<\/a><br><a href=\"http:\/\/saint-seurin-de-prats.com\/wp-content\/uploads\/2024\/07\/C.M.-17-juin-24.pdf\">Conseil municipal du 17 juin 2024 pdf<\/a><br><a href=\"http:\/\/saint-seurin-de-prats.com\/wp-content\/uploads\/2024\/07\/C.M.-du-5-juillet-24.pdf\" title=\"\">Conseil municipal du 5 juillet 2024.pdf<\/a><br><a href=\"http:\/\/saint-seurin-de-prats.com\/wp-content\/uploads\/2024\/10\/C.M.-du-16-sept.-24.pdf\">Conseil municipal du16 septembre 2024.pdf<\/a><br><a href=\"http:\/\/saint-seurin-de-prats.com\/wp-content\/uploads\/2024\/11\/C.M.-du-28-oct.-24.pdf\">Conseil municipal du 28 octobre 2024 pdf<\/a><br><a href=\"http:\/\/saint-seurin-de-prats.com\/wp-content\/uploads\/2025\/01\/CR-du-16-dec-24.pdf\">Conseil municipal du 16 d\u00e9cembre 2024.pdf<\/a><br><br><a href=\"http:\/\/saint-seurin-de-prats.com\/wp-content\/uploads\/2023\/12\/Conseil-municipal-du-18-decembre-2023.pdf\">Conseil municipal du 18 decembre 2023<\/a><br><a href=\"http:\/\/saint-seurin-de-prats.com\/wp-content\/uploads\/2023\/11\/Conseil-municipal-du-6-novembre-2023.pdf\">Conseil municipal du 6 novembre 2023<\/a><br><a href=\"http:\/\/saint-seurin-de-prats.com\/wp-content\/uploads\/2023\/10\/Conseil-Municipal-du-25-septembre-2023.pdf\">Conseil municipal du 25 septembre 2023<\/a><br><a href=\"http:\/\/saint-seurin-de-prats.com\/wp-content\/uploads\/2023\/10\/Conseil-municipal-du-10-juillet-2023.pdf\">Conseil municipal du 10 juillet 2023<\/a><br><a href=\"http:\/\/saint-seurin-de-prats.com\/wp-content\/uploads\/2023\/05\/CR-9-mai-20232.pdf\">Conseil municipal du 9 mai 2023<\/a><br><a href=\"http:\/\/saint-seurin-de-prats.com\/wp-content\/uploads\/2023\/04\/CR-3-avril-2023.pdf\">Conseil municipal du 3 avril 2023<\/a><br><a href=\"http:\/\/saint-seurin-de-prats.com\/wp-content\/uploads\/2023\/03\/C.M.-13-mars-2023.pdf\">Conseil municipal du 13 mars 2023<\/a><br><a href=\"http:\/\/saint-seurin-de-prats.com\/wp-content\/uploads\/2023\/02\/30-janvier-2023.pdf\">Conseil municipal du 30 janvier 2023<\/a><\/p>\n\n\n\n<p><\/p>\n\n\n\n<p><\/p>\n\n\n\n<p><\/p>\n<p><\/p>","protected":false},"excerpt":{"rendered":"<p>Le St-Seurinois est le journal d&#8217;informations locales \u00e9dit\u00e9 par la Mairie.R\u00e9daction: Isabelle GUIHENEUF t\u00e9l. 07 83 94 86 38Mise en page: Herv\u00e9 BIERNE t\u00e9l. 06 86 92 04 32 Ce journal est le votre!N&#8217;h\u00e9sitez-pas \u00e0 nous faire part de vos commentaires et suggestions aux t\u00e9l\u00e9phones ci-dessus.(cliquer sur le journal souhait\u00e9 pour son t\u00e9l\u00e9chargement au format [&hellip;]<\/p>\n","protected":false},"author":1,"featured_media":0,"parent":0,"menu_order":0,"comment_status":"closed","ping_status":"closed","template":"","meta":{"footnotes":""},"class_list":["post-6509","page","type-page","status-publish","hentry"],"aioseo_notices":[],"_links":{"self":[{"href":"http:\/\/saint-seurin-de-prats.com\/index.php?rest_route=\/wp\/v2\/pages\/6509","targetHints":{"allow":["GET"]}}],"collection":[{"href":"http:\/\/saint-seurin-de-prats.com\/index.php?rest_route=\/wp\/v2\/pages"}],"about":[{"href":"http:\/\/saint-seurin-de-prats.com\/index.php?rest_route=\/wp\/v2\/types\/page"}],"author":[{"embeddable":true,"href":"http:\/\/saint-seurin-de-prats.com\/index.php?rest_route=\/wp\/v2\/users\/1"}],"replies":[{"embeddable":true,"href":"http:\/\/saint-seurin-de-prats.com\/index.php?rest_route=%2Fwp%2Fv2%2Fcomments&post=6509"}],"version-history":[{"count":62,"href":"http:\/\/saint-seurin-de-prats.com\/index.php?rest_route=\/wp\/v2\/pages\/6509\/revisions"}],"predecessor-version":[{"id":7928,"href":"http:\/\/saint-seurin-de-prats.com\/index.php?rest_route=\/wp\/v2\/pages\/6509\/revisions\/7928"}],"wp:attachment":[{"href":"http:\/\/saint-seurin-de-prats.com\/index.php?rest_route=%2Fwp%2Fv2%2Fmedia&parent=6509"}],"curies":[{"name":"wp","href":"https:\/\/api.w.org\/{rel}","templated":true}]}}